{"id":18,"date":"2022-09-14T09:53:10","date_gmt":"2022-09-14T09:53:10","guid":{"rendered":"https:\/\/www.lapalmacongressandevents.com\/?page_id=18"},"modified":"2022-10-07T11:04:57","modified_gmt":"2022-10-07T10:04:57","slug":"servicios","status":"publish","type":"page","link":"https:\/\/www.lapalmacongressandevents.com\/en\/servicios\/","title":{"rendered":"Services"},"content":{"rendered":"<p>La Palma Congress and Events is specilized in managing events and congresses. Meetings, corporate events, sport and cultural events. We can organize them all.<\/p>\n\n\n\n<p>First digital platform for managing events.<\/p>\n\n\n\n<ul><li><strong>360 management <br><\/strong><br>From the planning of the event to the promotion of it, we manage it all. Ask us for more info and we'll make sure to make you a proposal for whatever you're looking for.  <br><br>Creation, direction, planning, production and promotion. Whatever you need, we provide.<br><\/li><\/ul>\n\n\n\n<figure class=\"wp-block-image size-large\"><img loading=\"lazy\" width=\"1024\" height=\"576\" src=\"https:\/\/www.lapalmacongressandevents.com\/wp-content\/uploads\/2022\/09\/princess1-1024x576.jpg\" alt=\"\" class=\"wp-image-145\" srcset=\"\" sizes=\"(max-width: 1024px) 100vw, 1024px\" data-srcset=\"\" \/><\/figure>\n\n\n\n<ul><li><strong>We organize all sorts of events:<br><\/strong><br>- Congresses<br>- Conventions<br>- Summits<br>- Expositions<br>- Fairs<br>- Awards<br>- Showrooms<br>- Corporate Events<br>- Team buildings<br>- Whatever you need<\/li><\/ul>\n\n\n\n<p>We manage all variables possible, like housing, gastronomy, experiences, tours, and transfers.<\/p>\n\n\n\n<figure class=\"wp-container-2 wp-block-gallery-1 wp-block-gallery has-nested-images columns-default is-cropped\">\n<figure class=\"wp-block-image size-large\"><img loading=\"lazy\" width=\"1024\" height=\"683\" data-id=\"135\"  src=\"https:\/\/www.lapalmacongressandevents.com\/wp-content\/uploads\/2022\/09\/taburiente1-1024x683.png\" alt=\"\" class=\"wp-image-135\" srcset=\"\" sizes=\"(max-width: 1024px) 100vw, 1024px\" data-srcset=\"\" \/><\/figure>\n\n\n\n<figure class=\"wp-block-image size-large\"><img loading=\"lazy\" width=\"1024\" height=\"762\" data-id=\"133\"  src=\"https:\/\/www.lapalmacongressandevents.com\/wp-content\/uploads\/2022\/09\/taburiente2-1024x762.png\" alt=\"\" class=\"wp-image-133\" srcset=\"\" sizes=\"(max-width: 1024px) 100vw, 1024px\" data-srcset=\"\" \/><\/figure>\n\n\n\n<figure class=\"wp-block-image size-large\"><img loading=\"lazy\" width=\"1024\" height=\"632\" data-id=\"134\"  src=\"https:\/\/www.lapalmacongressandevents.com\/wp-content\/uploads\/2022\/09\/taburiente3-1024x632.png\" alt=\"\" class=\"wp-image-134\" srcset=\"\" sizes=\"(max-width: 1024px) 100vw, 1024px\" data-srcset=\"\" \/><\/figure>\n\n\n\n<figure class=\"wp-block-image size-large\"><img loading=\"lazy\" width=\"1024\" height=\"765\" data-id=\"137\"  src=\"https:\/\/www.lapalmacongressandevents.com\/wp-content\/uploads\/2022\/09\/taburiente4-1024x765.png\" alt=\"\" class=\"wp-image-137\" srcset=\"\" sizes=\"(max-width: 1024px) 100vw, 1024px\" data-srcset=\"\" \/><\/figure>\n\n\n\n<figure class=\"wp-block-image size-large\"><img loading=\"lazy\" width=\"1024\" height=\"589\" data-id=\"136\"  src=\"https:\/\/www.lapalmacongressandevents.com\/wp-content\/uploads\/2022\/09\/taburiente5-1024x589.png\" alt=\"\" class=\"wp-image-136\" srcset=\"\" sizes=\"(max-width: 1024px) 100vw, 1024px\" data-srcset=\"\" \/><figcaption>H10 Taburiente Hotel<\/figcaption><\/figure>\n<\/figure>\n\n\n\n<p><\/p>\n\n\n\n<figure class=\"wp-container-4 wp-block-gallery-3 wp-block-gallery has-nested-images columns-default is-cropped\">\n<figure class=\"wp-block-image size-large\"><img loading=\"lazy\" width=\"800\" height=\"600\" data-id=\"193\"  src=\"https:\/\/www.lapalmacongressandevents.com\/wp-content\/uploads\/2022\/09\/museoarq3.jpg\" alt=\"\" class=\"wp-image-193\" srcset=\"https:\/\/www.lapalmacongressandevents.com\/wp-content\/uploads\/2022\/09\/museoarq3.jpg 800w, https:\/\/www.lapalmacongressandevents.com\/wp-content\/uploads\/2022\/09\/museoarq3-300x225.jpg 300w, https:\/\/www.lapalmacongressandevents.com\/wp-content\/uploads\/2022\/09\/museoarq3-768x576.jpg 768w, https:\/\/www.lapalmacongressandevents.com\/wp-content\/uploads\/2022\/09\/museoarq3-16x12.jpg 16w, https:\/\/www.lapalmacongressandevents.com\/wp-content\/uploads\/2022\/09\/museoarq3-700x525.jpg 700w, https:\/\/www.lapalmacongressandevents.com\/wp-content\/uploads\/2022\/09\/museoarq3-533x400.jpg 533w\" sizes=\"(max-width: 800px) 100vw, 800px\" \/><figcaption>Arqueological museum<\/figcaption><\/figure>\n\n\n\n<figure class=\"wp-block-image size-large\"><img loading=\"lazy\" width=\"800\" height=\"533\" data-id=\"192\"  src=\"https:\/\/www.lapalmacongressandevents.com\/wp-content\/uploads\/2022\/09\/teatro-2.jpg\" alt=\"\" class=\"wp-image-192\" srcset=\"https:\/\/www.lapalmacongressandevents.com\/wp-content\/uploads\/2022\/09\/teatro-2.jpg 800w, https:\/\/www.lapalmacongressandevents.com\/wp-content\/uploads\/2022\/09\/teatro-2-300x200.jpg 300w, https:\/\/www.lapalmacongressandevents.com\/wp-content\/uploads\/2022\/09\/teatro-2-768x512.jpg 768w, https:\/\/www.lapalmacongressandevents.com\/wp-content\/uploads\/2022\/09\/teatro-2-18x12.jpg 18w, https:\/\/www.lapalmacongressandevents.com\/wp-content\/uploads\/2022\/09\/teatro-2-700x466.jpg 700w, https:\/\/www.lapalmacongressandevents.com\/wp-content\/uploads\/2022\/09\/teatro-2-600x400.jpg 600w\" sizes=\"(max-width: 800px) 100vw, 800px\" \/><figcaption>Circo de Marte theatre<\/figcaption><\/figure>\n\n\n\n<figure class=\"wp-block-image size-large\"><img loading=\"lazy\" width=\"999\" height=\"664\" data-id=\"194\"  src=\"https:\/\/www.lapalmacongressandevents.com\/wp-content\/uploads\/2022\/09\/teatro-circo-de-marte.jpg\" alt=\"\" class=\"wp-image-194\" srcset=\"https:\/\/www.lapalmacongressandevents.com\/wp-content\/uploads\/2022\/09\/teatro-circo-de-marte.jpg 999w, https:\/\/www.lapalmacongressandevents.com\/wp-content\/uploads\/2022\/09\/teatro-circo-de-marte-300x199.jpg 300w, https:\/\/www.lapalmacongressandevents.com\/wp-content\/uploads\/2022\/09\/teatro-circo-de-marte-768x510.jpg 768w, https:\/\/www.lapalmacongressandevents.com\/wp-content\/uploads\/2022\/09\/teatro-circo-de-marte-18x12.jpg 18w, https:\/\/www.lapalmacongressandevents.com\/wp-content\/uploads\/2022\/09\/teatro-circo-de-marte-700x465.jpg 700w, https:\/\/www.lapalmacongressandevents.com\/wp-content\/uploads\/2022\/09\/teatro-circo-de-marte-602x400.jpg 602w\" sizes=\"(max-width: 999px) 100vw, 999px\" \/><\/figure>\n<\/figure>","protected":false},"excerpt":{"rendered":"<p>La Palma Congress and Events est\u00e1 especializada en la gesti\u00f3n integral de eventos y congresos. Gu\u00eda de servicios para turismo de reuniones, eventos corporativos, deportivos, culturales y art\u00edsticos enfocada a proveedores destacados tanto a nivel Nacional como internacional. Primera plataforma de medios digitales y herramientas de gesti\u00f3n pensada y creada para el mundo de los &hellip; <a href=\"https:\/\/www.lapalmacongressandevents.com\/en\/servicios\/\" class=\"more-link\">Continue reading <span class=\"screen-reader-text\">Services<\/span> <span class=\"meta-nav\">&rarr;<\/span><\/a><\/p>","protected":false},"author":1,"featured_media":218,"parent":0,"menu_order":2,"comment_status":"closed","ping_status":"closed","template":"","meta":{"_mi_skip_tracking":false},"yoast_head":"<!-- This site is optimized with the Yoast SEO plugin v19.7.2 - https:\/\/yoast.com\/wordpress\/plugins\/seo\/ -->\n<title>Servicios -<\/title>\n<meta name=\"robots\" content=\"index, follow, max-snippet:-1, max-image-preview:large, max-video-preview:-1\" \/>\n<link rel=\"canonical\" href=\"https:\/\/www.lapalmacongressandevents.com\/en\/servicios\/\" \/>\n<meta property=\"og:locale\" content=\"en_US\" \/>\n<meta property=\"og:type\" content=\"article\" \/>\n<meta property=\"og:title\" content=\"Servicios -\" \/>\n<meta property=\"og:description\" content=\"La Palma Congress and Events est\u00e1 especializada en la gesti\u00f3n integral de eventos y congresos. Gu\u00eda de servicios para turismo de reuniones, eventos corporativos, deportivos, culturales y art\u00edsticos enfocada a proveedores destacados tanto a nivel Nacional como internacional. Primera plataforma de medios digitales y herramientas de gesti\u00f3n pensada y creada para el mundo de los &hellip; Continue reading Servicios &rarr;\" \/>\n<meta property=\"og:url\" content=\"https:\/\/www.lapalmacongressandevents.com\/en\/servicios\/\" \/>\n<meta property=\"article:modified_time\" content=\"2022-10-07T10:04:57+00:00\" \/>\n<meta property=\"og:image\" content=\"https:\/\/www.lapalmacongressandevents.com\/wp-content\/uploads\/2022\/09\/DSC6156.jpg\" \/>\n\t<meta property=\"og:image:width\" content=\"2048\" \/>\n\t<meta property=\"og:image:height\" content=\"1367\" \/>\n\t<meta property=\"og:image:type\" content=\"image\/jpeg\" \/>\n<meta name=\"twitter:card\" content=\"summary_large_image\" \/>\n<meta name=\"twitter:label1\" content=\"Est. reading time\" \/>\n\t<meta name=\"twitter:data1\" content=\"3 minutes\" \/>\n<script type=\"application\/ld+json\" class=\"yoast-schema-graph\">{\"@context\":\"https:\/\/schema.org\",\"@graph\":[{\"@type\":\"WebPage\",\"@id\":\"https:\/\/www.lapalmacongressandevents.com\/servicios\/\",\"url\":\"https:\/\/www.lapalmacongressandevents.com\/servicios\/\",\"name\":\"Servicios -\",\"isPartOf\":{\"@id\":\"https:\/\/www.lapalmacongressandevents.com\/#website\"},\"datePublished\":\"2022-09-14T09:53:10+00:00\",\"dateModified\":\"2022-10-07T10:04:57+00:00\",\"breadcrumb\":{\"@id\":\"https:\/\/www.lapalmacongressandevents.com\/servicios\/#breadcrumb\"},\"inLanguage\":\"en-US\",\"potentialAction\":[{\"@type\":\"ReadAction\",\"target\":[\"https:\/\/www.lapalmacongressandevents.com\/servicios\/\"]}]},{\"@type\":\"BreadcrumbList\",\"@id\":\"https:\/\/www.lapalmacongressandevents.com\/servicios\/#breadcrumb\",\"itemListElement\":[{\"@type\":\"ListItem\",\"position\":1,\"name\":\"Home\",\"item\":\"https:\/\/www.lapalmacongressandevents.com\/\"},{\"@type\":\"ListItem\",\"position\":2,\"name\":\"Servicios\"}]},{\"@type\":\"WebSite\",\"@id\":\"https:\/\/www.lapalmacongressandevents.com\/#website\",\"url\":\"https:\/\/www.lapalmacongressandevents.com\/\",\"name\":\"\",\"description\":\"\",\"potentialAction\":[{\"@type\":\"SearchAction\",\"target\":{\"@type\":\"EntryPoint\",\"urlTemplate\":\"https:\/\/www.lapalmacongressandevents.com\/?s={search_term_string}\"},\"query-input\":\"required name=search_term_string\"}],\"inLanguage\":\"en-US\"}]}<\/script>\n<!-- \/ Yoast SEO plugin. -->","yoast_head_json":{"title":"Servicios -","robots":{"index":"index","follow":"follow","max-snippet":"max-snippet:-1","max-image-preview":"max-image-preview:large","max-video-preview":"max-video-preview:-1"},"canonical":"https:\/\/www.lapalmacongressandevents.com\/en\/servicios\/","og_locale":"en_US","og_type":"article","og_title":"Servicios -","og_description":"La Palma Congress and Events est\u00e1 especializada en la gesti\u00f3n integral de eventos y congresos. Gu\u00eda de servicios para turismo de reuniones, eventos corporativos, deportivos, culturales y art\u00edsticos enfocada a proveedores destacados tanto a nivel Nacional como internacional. Primera plataforma de medios digitales y herramientas de gesti\u00f3n pensada y creada para el mundo de los &hellip; Continue reading Servicios &rarr;","og_url":"https:\/\/www.lapalmacongressandevents.com\/en\/servicios\/","article_modified_time":"2022-10-07T10:04:57+00:00","og_image":[{"width":2048,"height":1367,"url":"https:\/\/www.lapalmacongressandevents.com\/wp-content\/uploads\/2022\/09\/DSC6156.jpg","type":"image\/jpeg"}],"twitter_card":"summary_large_image","twitter_misc":{"Est. reading time":"3 minutes"},"schema":{"@context":"https:\/\/schema.org","@graph":[{"@type":"WebPage","@id":"https:\/\/www.lapalmacongressandevents.com\/servicios\/","url":"https:\/\/www.lapalmacongressandevents.com\/servicios\/","name":"Servicios -","isPartOf":{"@id":"https:\/\/www.lapalmacongressandevents.com\/#website"},"datePublished":"2022-09-14T09:53:10+00:00","dateModified":"2022-10-07T10:04:57+00:00","breadcrumb":{"@id":"https:\/\/www.lapalmacongressandevents.com\/servicios\/#breadcrumb"},"inLanguage":"en-US","potentialAction":[{"@type":"ReadAction","target":["https:\/\/www.lapalmacongressandevents.com\/servicios\/"]}]},{"@type":"BreadcrumbList","@id":"https:\/\/www.lapalmacongressandevents.com\/servicios\/#breadcrumb","itemListElement":[{"@type":"ListItem","position":1,"name":"Home","item":"https:\/\/www.lapalmacongressandevents.com\/"},{"@type":"ListItem","position":2,"name":"Servicios"}]},{"@type":"WebSite","@id":"https:\/\/www.lapalmacongressandevents.com\/#website","url":"https:\/\/www.lapalmacongressandevents.com\/","name":"","description":"","potentialAction":[{"@type":"SearchAction","target":{"@type":"EntryPoint","urlTemplate":"https:\/\/www.lapalmacongressandevents.com\/?s={search_term_string}"},"query-input":"required name=search_term_string"}],"inLanguage":"en-US"}]}},"_links":{"self":[{"href":"https:\/\/www.lapalmacongressandevents.com\/en\/wp-json\/wp\/v2\/pages\/18"}],"collection":[{"href":"https:\/\/www.lapalmacongressandevents.com\/en\/wp-json\/wp\/v2\/pages"}],"about":[{"href":"https:\/\/www.lapalmacongressandevents.com\/en\/wp-json\/wp\/v2\/types\/page"}],"author":[{"embeddable":true,"href":"https:\/\/www.lapalmacongressandevents.com\/en\/wp-json\/wp\/v2\/users\/1"}],"replies":[{"embeddable":true,"href":"https:\/\/www.lapalmacongressandevents.com\/en\/wp-json\/wp\/v2\/comments?post=18"}],"version-history":[{"count":27,"href":"https:\/\/www.lapalmacongressandevents.com\/en\/wp-json\/wp\/v2\/pages\/18\/revisions"}],"predecessor-version":[{"id":256,"href":"https:\/\/www.lapalmacongressandevents.com\/en\/wp-json\/wp\/v2\/pages\/18\/revisions\/256"}],"wp:featuredmedia":[{"embeddable":true,"href":"https:\/\/www.lapalmacongressandevents.com\/en\/wp-json\/wp\/v2\/media\/218"}],"wp:attachment":[{"href":"https:\/\/www.lapalmacongressandevents.com\/en\/wp-json\/wp\/v2\/media?parent=18"}],"curies":[{"name":"wp","href":"https:\/\/api.w.org\/{rel}","templated":true}]}}