{"id":3,"date":"2022-08-22T08:05:31","date_gmt":"2022-08-22T08:05:31","guid":{"rendered":"http:\/\/www.lapalmacongressandevents.com\/?page_id=3"},"modified":"2022-09-14T13:53:28","modified_gmt":"2022-09-14T13:53:28","slug":"privacy-policy","status":"publish","type":"page","link":"https:\/\/www.lapalmacongressandevents.com\/en\/privacy-policy\/","title":{"rendered":"Pol\u00edtica de privacidad"},"content":{"rendered":"<h2>Quienes somos<\/h2>\n\n\n\n<p>Nuestra web es: http:\/\/www.lapalmacongressandevents.com.<\/p>\n\n\n\n<h2>Comentarios<\/h2>\n\n\n\n<p>Cuando un usuario deja un comentario en la web, recabamos la informaci\u00f3n de los datos que aparecen en el formulario, as\u00ed como la IP y el browser para ayudar a la detecci\u00f3n de spam.<\/p>\n\n\n\n<p>Un c\u00f3digo an\u00f3mino, conocido como hash, ser\u00e1 creado de tu direcci\u00f3n de correo electr\u00f3nico, el cual se podr\u00e1 facilitar a Gravatar. La pol\u00edtica de privacidad de Gravatar est\u00e1 disponible en el siguiente enlace: https:\/\/automattic.com\/privacy\/. Despu\u00e9s de aprobar un comentario, la imagen de perfil ser\u00e1 visible para el resto de p\u00fablico relacionado con tu comentario. <\/p>\n\n\n\n<h2>Contenido<\/h2>\n\n\n\n<p>Si sube im\u00e1genes a la web, deber\u00eda evitar subir im\u00e1genes con datos de localizaci\u00f3n inclu\u00eddos, pues cualquier usuario que visite la web puede descargar esa imagen y acceder a su localizaci\u00f3n.<\/p>\n\n\n\n<h2>Cookies<\/h2>\n\n\n\n<p><strong class=\"privacy-policy-tutorial\">Suggested text: <\/strong>If you leave a comment on our site you may opt-in to saving your name, email address and website in cookies. These are for your convenience so that you do not have to fill in your details again when you leave another comment. These cookies will last for one year.<\/p>\n\n\n\n<p>If you visit our login page, we will set a temporary cookie to determine if your browser accepts cookies. This cookie contains no personal data and is discarded when you close your browser.<\/p>\n\n\n\n<p>When you log in, we will also set up several cookies to save your login information and your screen display choices. Login cookies last for two days, and screen options cookies last for a year. If you select &#8220;Remember Me&#8221;, your login will persist for two weeks. If you log out of your account, the login cookies will be removed.<\/p>\n\n\n\n<p>If you edit or publish an article, an additional cookie will be saved in your browser. This cookie includes no personal data and simply indicates the post ID of the article you just edited. It expires after 1 day.<\/p>\n\n\n\n<h2>Embedded content from other websites<\/h2>\n\n\n\n<p><strong class=\"privacy-policy-tutorial\">Suggested text: <\/strong>Articles on this site may include embedded content (e.g. videos, images, articles, etc.). Embedded content from other websites behaves in the exact same way as if the visitor has visited the other website.<\/p>\n\n\n\n<p>These websites may collect data about you, use cookies, embed additional third-party tracking, and monitor your interaction with that embedded content, including tracking your interaction with the embedded content if you have an account and are logged in to that website.<\/p>\n\n\n\n<h2>Who we share your data with<\/h2>\n\n\n\n<p><strong class=\"privacy-policy-tutorial\">Suggested text: <\/strong>If you request a password reset, your IP address will be included in the reset email.<\/p>\n\n\n\n<h2>How long we retain your data<\/h2>\n\n\n\n<p><strong class=\"privacy-policy-tutorial\">Suggested text: <\/strong>If you leave a comment, the comment and its metadata are retained indefinitely. This is so we can recognize and approve any follow-up comments automatically instead of holding them in a moderation queue.<\/p>\n\n\n\n<p>For users that register on our website (if any), we also store the personal information they provide in their user profile. All users can see, edit, or delete their personal information at any time (except they cannot change their username). Website administrators can also see and edit that information.<\/p>\n\n\n\n<h2>What rights you have over your data<\/h2>\n\n\n\n<p><strong class=\"privacy-policy-tutorial\">Suggested text: <\/strong>If you have an account on this site, or have left comments, you can request to receive an exported file of the personal data we hold about you, including any data you have provided to us. You can also request that we erase any personal data we hold about you. This does not include any data we are obliged to keep for administrative, legal, or security purposes.<\/p>\n\n\n\n<h2>Where your data is sent<\/h2>\n\n\n\n<p><strong class=\"privacy-policy-tutorial\">Suggested text: <\/strong>Visitor comments may be checked through an automated spam detection service.<\/p>","protected":false},"excerpt":{"rendered":"<p>Quienes somos Nuestra web es: http:\/\/www.lapalmacongressandevents.com. Comentarios Cuando un usuario deja un comentario en la web, recabamos la informaci\u00f3n de los datos que aparecen en el formulario, as\u00ed como la IP y el browser para ayudar a la detecci\u00f3n de spam. Un c\u00f3digo an\u00f3mino, conocido como hash, ser\u00e1 creado de tu direcci\u00f3n de correo electr\u00f3nico, &hellip; <a href=\"https:\/\/www.lapalmacongressandevents.com\/en\/privacy-policy\/\" class=\"more-link\">Continue reading <span class=\"screen-reader-text\">Pol\u00edtica de privacidad<\/span> <span class=\"meta-nav\">&rarr;<\/span><\/a><\/p>","protected":false},"author":1,"featured_media":0,"parent":0,"menu_order":0,"comment_status":"closed","ping_status":"open","template":"","meta":{"_mi_skip_tracking":false},"yoast_head":"<!-- This site is optimized with the Yoast SEO plugin v19.7.2 - https:\/\/yoast.com\/wordpress\/plugins\/seo\/ -->\n<title>Pol\u00edtica de privacidad -<\/title>\n<meta name=\"robots\" content=\"index, follow, max-snippet:-1, max-image-preview:large, max-video-preview:-1\" \/>\n<link rel=\"canonical\" href=\"https:\/\/www.lapalmacongressandevents.com\/en\/privacy-policy\/\" \/>\n<meta property=\"og:locale\" content=\"en_US\" \/>\n<meta property=\"og:type\" content=\"article\" \/>\n<meta property=\"og:title\" content=\"Pol\u00edtica de privacidad -\" \/>\n<meta property=\"og:description\" content=\"Quienes somos Nuestra web es: http:\/\/www.lapalmacongressandevents.com. Comentarios Cuando un usuario deja un comentario en la web, recabamos la informaci\u00f3n de los datos que aparecen en el formulario, as\u00ed como la IP y el browser para ayudar a la detecci\u00f3n de spam. Un c\u00f3digo an\u00f3mino, conocido como hash, ser\u00e1 creado de tu direcci\u00f3n de correo electr\u00f3nico, &hellip; Continue reading Pol\u00edtica de privacidad &rarr;\" \/>\n<meta property=\"og:url\" content=\"https:\/\/www.lapalmacongressandevents.com\/en\/privacy-policy\/\" \/>\n<meta property=\"article:modified_time\" content=\"2022-09-14T13:53:28+00:00\" \/>\n<meta name=\"twitter:card\" content=\"summary_large_image\" \/>\n<meta name=\"twitter:label1\" content=\"Est. reading time\" \/>\n\t<meta name=\"twitter:data1\" content=\"3 minutes\" \/>\n<script type=\"application\/ld+json\" class=\"yoast-schema-graph\">{\"@context\":\"https:\/\/schema.org\",\"@graph\":[{\"@type\":\"WebPage\",\"@id\":\"https:\/\/www.lapalmacongressandevents.com\/privacy-policy\/\",\"url\":\"https:\/\/www.lapalmacongressandevents.com\/privacy-policy\/\",\"name\":\"Pol\u00edtica de privacidad -\",\"isPartOf\":{\"@id\":\"https:\/\/www.lapalmacongressandevents.com\/#website\"},\"datePublished\":\"2022-08-22T08:05:31+00:00\",\"dateModified\":\"2022-09-14T13:53:28+00:00\",\"breadcrumb\":{\"@id\":\"https:\/\/www.lapalmacongressandevents.com\/privacy-policy\/#breadcrumb\"},\"inLanguage\":\"en-US\",\"potentialAction\":[{\"@type\":\"ReadAction\",\"target\":[\"https:\/\/www.lapalmacongressandevents.com\/privacy-policy\/\"]}]},{\"@type\":\"BreadcrumbList\",\"@id\":\"https:\/\/www.lapalmacongressandevents.com\/privacy-policy\/#breadcrumb\",\"itemListElement\":[{\"@type\":\"ListItem\",\"position\":1,\"name\":\"Home\",\"item\":\"https:\/\/www.lapalmacongressandevents.com\/\"},{\"@type\":\"ListItem\",\"position\":2,\"name\":\"Pol\u00edtica de privacidad\"}]},{\"@type\":\"WebSite\",\"@id\":\"https:\/\/www.lapalmacongressandevents.com\/#website\",\"url\":\"https:\/\/www.lapalmacongressandevents.com\/\",\"name\":\"\",\"description\":\"\",\"potentialAction\":[{\"@type\":\"SearchAction\",\"target\":{\"@type\":\"EntryPoint\",\"urlTemplate\":\"https:\/\/www.lapalmacongressandevents.com\/?s={search_term_string}\"},\"query-input\":\"required name=search_term_string\"}],\"inLanguage\":\"en-US\"}]}<\/script>\n<!-- \/ Yoast SEO plugin. -->","yoast_head_json":{"title":"Pol\u00edtica de privacidad -","robots":{"index":"index","follow":"follow","max-snippet":"max-snippet:-1","max-image-preview":"max-image-preview:large","max-video-preview":"max-video-preview:-1"},"canonical":"https:\/\/www.lapalmacongressandevents.com\/en\/privacy-policy\/","og_locale":"en_US","og_type":"article","og_title":"Pol\u00edtica de privacidad -","og_description":"Quienes somos Nuestra web es: http:\/\/www.lapalmacongressandevents.com. Comentarios Cuando un usuario deja un comentario en la web, recabamos la informaci\u00f3n de los datos que aparecen en el formulario, as\u00ed como la IP y el browser para ayudar a la detecci\u00f3n de spam. Un c\u00f3digo an\u00f3mino, conocido como hash, ser\u00e1 creado de tu direcci\u00f3n de correo electr\u00f3nico, &hellip; Continue reading Pol\u00edtica de privacidad &rarr;","og_url":"https:\/\/www.lapalmacongressandevents.com\/en\/privacy-policy\/","article_modified_time":"2022-09-14T13:53:28+00:00","twitter_card":"summary_large_image","twitter_misc":{"Est. reading time":"3 minutes"},"schema":{"@context":"https:\/\/schema.org","@graph":[{"@type":"WebPage","@id":"https:\/\/www.lapalmacongressandevents.com\/privacy-policy\/","url":"https:\/\/www.lapalmacongressandevents.com\/privacy-policy\/","name":"Pol\u00edtica de privacidad -","isPartOf":{"@id":"https:\/\/www.lapalmacongressandevents.com\/#website"},"datePublished":"2022-08-22T08:05:31+00:00","dateModified":"2022-09-14T13:53:28+00:00","breadcrumb":{"@id":"https:\/\/www.lapalmacongressandevents.com\/privacy-policy\/#breadcrumb"},"inLanguage":"en-US","potentialAction":[{"@type":"ReadAction","target":["https:\/\/www.lapalmacongressandevents.com\/privacy-policy\/"]}]},{"@type":"BreadcrumbList","@id":"https:\/\/www.lapalmacongressandevents.com\/privacy-policy\/#breadcrumb","itemListElement":[{"@type":"ListItem","position":1,"name":"Home","item":"https:\/\/www.lapalmacongressandevents.com\/"},{"@type":"ListItem","position":2,"name":"Pol\u00edtica de privacidad"}]},{"@type":"WebSite","@id":"https:\/\/www.lapalmacongressandevents.com\/#website","url":"https:\/\/www.lapalmacongressandevents.com\/","name":"","description":"","potentialAction":[{"@type":"SearchAction","target":{"@type":"EntryPoint","urlTemplate":"https:\/\/www.lapalmacongressandevents.com\/?s={search_term_string}"},"query-input":"required name=search_term_string"}],"inLanguage":"en-US"}]}},"_links":{"self":[{"href":"https:\/\/www.lapalmacongressandevents.com\/en\/wp-json\/wp\/v2\/pages\/3"}],"collection":[{"href":"https:\/\/www.lapalmacongressandevents.com\/en\/wp-json\/wp\/v2\/pages"}],"about":[{"href":"https:\/\/www.lapalmacongressandevents.com\/en\/wp-json\/wp\/v2\/types\/page"}],"author":[{"embeddable":true,"href":"https:\/\/www.lapalmacongressandevents.com\/en\/wp-json\/wp\/v2\/users\/1"}],"replies":[{"embeddable":true,"href":"https:\/\/www.lapalmacongressandevents.com\/en\/wp-json\/wp\/v2\/comments?post=3"}],"version-history":[{"count":4,"href":"https:\/\/www.lapalmacongressandevents.com\/en\/wp-json\/wp\/v2\/pages\/3\/revisions"}],"predecessor-version":[{"id":305,"href":"https:\/\/www.lapalmacongressandevents.com\/en\/wp-json\/wp\/v2\/pages\/3\/revisions\/305"}],"wp:attachment":[{"href":"https:\/\/www.lapalmacongressandevents.com\/en\/wp-json\/wp\/v2\/media?parent=3"}],"curies":[{"name":"wp","href":"https:\/\/api.w.org\/{rel}","templated":true}]}}