{"id":7,"date":"2022-09-14T09:46:35","date_gmt":"2022-09-14T09:46:35","guid":{"rendered":"https:\/\/www.lapalmacongressandevents.com\/?page_id=7"},"modified":"2022-10-05T14:10:08","modified_gmt":"2022-10-05T13:10:08","slug":"por-que-la-palma","status":"publish","type":"page","link":"https:\/\/www.lapalmacongressandevents.com\/en\/por-que-la-palma\/","title":{"rendered":"Why La Palma?"},"content":{"rendered":"<p>Because it has a lot to offer. An amazing landscape, impressive volcanos, out of this world forests, unbeliavable beaches and a sky full of stars. That's why it's called La Isla Bonita, which means the beautiful island. It's known for it's amazing lifestyle, quality and it's skies. \nA destination that you will not want to miss. <\/p>\n\n\n\n<p>An island that has around 80.000 inhabitants, full of energy and with very unique places. An economy that kept on going even after what we lived in 2021 due to the eruption of the Cumbre Vieja volcano.<\/p>\n\n\n\n<p>We're actively working on restoring the islands economy and that's why we want to offer you the best experience possible in the island through La Palma Congress and Events.<\/p>\n\n\n\n<p><\/p>\n\n\n\n<p>An island to visit and get to know. Welcome to La Palma!<\/p>\n\n\n\n<h2><\/h2>\n\n\n\n<figure class=\"wp-container-2 wp-block-gallery-1 wp-block-gallery has-nested-images columns-default is-cropped\">\n<figure class=\"wp-block-image size-large\"><img loading=\"lazy\" width=\"1024\" height=\"684\" data-id=\"205\"  src=\"https:\/\/www.lapalmacongressandevents.com\/wp-content\/uploads\/2022\/09\/DSC0561-1024x684.jpg\" alt=\"\" class=\"wp-image-205\" srcset=\"https:\/\/www.lapalmacongressandevents.com\/wp-content\/uploads\/2022\/09\/DSC0561-1024x684.jpg 1024w, https:\/\/www.lapalmacongressandevents.com\/wp-content\/uploads\/2022\/09\/DSC0561-300x200.jpg 300w, https:\/\/www.lapalmacongressandevents.com\/wp-content\/uploads\/2022\/09\/DSC0561-768x513.jpg 768w, https:\/\/www.lapalmacongressandevents.com\/wp-content\/uploads\/2022\/09\/DSC0561-1536x1025.jpg 1536w, https:\/\/www.lapalmacongressandevents.com\/wp-content\/uploads\/2022\/09\/DSC0561-18x12.jpg 18w, https:\/\/www.lapalmacongressandevents.com\/wp-content\/uploads\/2022\/09\/DSC0561-700x467.jpg 700w, https:\/\/www.lapalmacongressandevents.com\/wp-content\/uploads\/2022\/09\/DSC0561-2000x1335.jpg 2000w, https:\/\/www.lapalmacongressandevents.com\/wp-content\/uploads\/2022\/09\/DSC0561-900x600.jpg 900w, https:\/\/www.lapalmacongressandevents.com\/wp-content\/uploads\/2022\/09\/DSC0561-599x400.jpg 599w, https:\/\/www.lapalmacongressandevents.com\/wp-content\/uploads\/2022\/09\/DSC0561.jpg 2048w\" sizes=\"(max-width: 1024px) 100vw, 1024px\" \/><\/figure>\n\n\n\n<figure class=\"wp-block-image size-large\"><img loading=\"lazy\" width=\"1024\" height=\"684\" data-id=\"204\"  src=\"https:\/\/www.lapalmacongressandevents.com\/wp-content\/uploads\/2022\/09\/DSC0773-1024x684.jpg\" alt=\"\" class=\"wp-image-204\" srcset=\"https:\/\/www.lapalmacongressandevents.com\/wp-content\/uploads\/2022\/09\/DSC0773-1024x684.jpg 1024w, https:\/\/www.lapalmacongressandevents.com\/wp-content\/uploads\/2022\/09\/DSC0773-300x200.jpg 300w, https:\/\/www.lapalmacongressandevents.com\/wp-content\/uploads\/2022\/09\/DSC0773-768x513.jpg 768w, https:\/\/www.lapalmacongressandevents.com\/wp-content\/uploads\/2022\/09\/DSC0773-1536x1025.jpg 1536w, https:\/\/www.lapalmacongressandevents.com\/wp-content\/uploads\/2022\/09\/DSC0773-18x12.jpg 18w, https:\/\/www.lapalmacongressandevents.com\/wp-content\/uploads\/2022\/09\/DSC0773-700x467.jpg 700w, https:\/\/www.lapalmacongressandevents.com\/wp-content\/uploads\/2022\/09\/DSC0773-2000x1335.jpg 2000w, https:\/\/www.lapalmacongressandevents.com\/wp-content\/uploads\/2022\/09\/DSC0773-900x600.jpg 900w, https:\/\/www.lapalmacongressandevents.com\/wp-content\/uploads\/2022\/09\/DSC0773-599x400.jpg 599w, https:\/\/www.lapalmacongressandevents.com\/wp-content\/uploads\/2022\/09\/DSC0773.jpg 2048w\" sizes=\"(max-width: 1024px) 100vw, 1024px\" \/><\/figure>\n\n\n\n<figure class=\"wp-block-image size-large\"><img loading=\"lazy\" width=\"1024\" height=\"684\" data-id=\"206\"  src=\"https:\/\/www.lapalmacongressandevents.com\/wp-content\/uploads\/2022\/09\/DSC0840-1024x684.jpg\" alt=\"\" class=\"wp-image-206\" srcset=\"https:\/\/www.lapalmacongressandevents.com\/wp-content\/uploads\/2022\/09\/DSC0840-1024x684.jpg 1024w, https:\/\/www.lapalmacongressandevents.com\/wp-content\/uploads\/2022\/09\/DSC0840-300x200.jpg 300w, https:\/\/www.lapalmacongressandevents.com\/wp-content\/uploads\/2022\/09\/DSC0840-768x513.jpg 768w, https:\/\/www.lapalmacongressandevents.com\/wp-content\/uploads\/2022\/09\/DSC0840-1536x1025.jpg 1536w, https:\/\/www.lapalmacongressandevents.com\/wp-content\/uploads\/2022\/09\/DSC0840-18x12.jpg 18w, https:\/\/www.lapalmacongressandevents.com\/wp-content\/uploads\/2022\/09\/DSC0840-700x467.jpg 700w, https:\/\/www.lapalmacongressandevents.com\/wp-content\/uploads\/2022\/09\/DSC0840-2000x1335.jpg 2000w, https:\/\/www.lapalmacongressandevents.com\/wp-content\/uploads\/2022\/09\/DSC0840-900x600.jpg 900w, https:\/\/www.lapalmacongressandevents.com\/wp-content\/uploads\/2022\/09\/DSC0840-599x400.jpg 599w, https:\/\/www.lapalmacongressandevents.com\/wp-content\/uploads\/2022\/09\/DSC0840.jpg 2048w\" sizes=\"(max-width: 1024px) 100vw, 1024px\" \/><\/figure>\n\n\n\n<figure class=\"wp-block-image size-large\"><img loading=\"lazy\" width=\"1024\" height=\"684\" data-id=\"203\"  src=\"https:\/\/www.lapalmacongressandevents.com\/wp-content\/uploads\/2022\/09\/DSC3682-1024x684.jpg\" alt=\"\" class=\"wp-image-203\" srcset=\"https:\/\/www.lapalmacongressandevents.com\/wp-content\/uploads\/2022\/09\/DSC3682-1024x684.jpg 1024w, https:\/\/www.lapalmacongressandevents.com\/wp-content\/uploads\/2022\/09\/DSC3682-300x200.jpg 300w, https:\/\/www.lapalmacongressandevents.com\/wp-content\/uploads\/2022\/09\/DSC3682-768x513.jpg 768w, https:\/\/www.lapalmacongressandevents.com\/wp-content\/uploads\/2022\/09\/DSC3682-1536x1025.jpg 1536w, https:\/\/www.lapalmacongressandevents.com\/wp-content\/uploads\/2022\/09\/DSC3682-18x12.jpg 18w, https:\/\/www.lapalmacongressandevents.com\/wp-content\/uploads\/2022\/09\/DSC3682-700x467.jpg 700w, https:\/\/www.lapalmacongressandevents.com\/wp-content\/uploads\/2022\/09\/DSC3682-2000x1335.jpg 2000w, https:\/\/www.lapalmacongressandevents.com\/wp-content\/uploads\/2022\/09\/DSC3682-900x600.jpg 900w, https:\/\/www.lapalmacongressandevents.com\/wp-content\/uploads\/2022\/09\/DSC3682-599x400.jpg 599w, https:\/\/www.lapalmacongressandevents.com\/wp-content\/uploads\/2022\/09\/DSC3682.jpg 2048w\" sizes=\"(max-width: 1024px) 100vw, 1024px\" \/><\/figure>\n\n\n\n<figure class=\"wp-block-image size-large\"><img loading=\"lazy\" width=\"1024\" height=\"683\" data-id=\"222\"  src=\"https:\/\/www.lapalmacongressandevents.com\/wp-content\/uploads\/2022\/09\/DSC9204-1024x683.jpg\" alt=\"\" class=\"wp-image-222\" srcset=\"https:\/\/www.lapalmacongressandevents.com\/wp-content\/uploads\/2022\/09\/DSC9204-1024x683.jpg 1024w, https:\/\/www.lapalmacongressandevents.com\/wp-content\/uploads\/2022\/09\/DSC9204-300x200.jpg 300w, https:\/\/www.lapalmacongressandevents.com\/wp-content\/uploads\/2022\/09\/DSC9204-768x512.jpg 768w, https:\/\/www.lapalmacongressandevents.com\/wp-content\/uploads\/2022\/09\/DSC9204-1536x1024.jpg 1536w, https:\/\/www.lapalmacongressandevents.com\/wp-content\/uploads\/2022\/09\/DSC9204-18x12.jpg 18w, https:\/\/www.lapalmacongressandevents.com\/wp-content\/uploads\/2022\/09\/DSC9204-700x467.jpg 700w, https:\/\/www.lapalmacongressandevents.com\/wp-content\/uploads\/2022\/09\/DSC9204-2000x1333.jpg 2000w, https:\/\/www.lapalmacongressandevents.com\/wp-content\/uploads\/2022\/09\/DSC9204-900x600.jpg 900w, https:\/\/www.lapalmacongressandevents.com\/wp-content\/uploads\/2022\/09\/DSC9204-600x400.jpg 600w, https:\/\/www.lapalmacongressandevents.com\/wp-content\/uploads\/2022\/09\/DSC9204.jpg 2048w\" sizes=\"(max-width: 1024px) 100vw, 1024px\" \/><\/figure>\n<\/figure>","protected":false},"excerpt":{"rendered":"<p>Por todo lo que puede ofrecer. Desde sus incre\u00edbles paisajes, sus imponentes volcanes, hasta sus bosques \u00fanicos, sus acogedoras playas, y sus cielos llenos de estrellas. Por algo la llaman La Isla Bonita, que destaca por su calidad medioambiental y sus cielos despejados. Patrimonio natural y cultural que te dejar\u00e1 boquiabierto. Una isla con aproximadamente &hellip; <a href=\"https:\/\/www.lapalmacongressandevents.com\/en\/por-que-la-palma\/\" class=\"more-link\">Continue reading <span class=\"screen-reader-text\">Why La Palma?<\/span> <span class=\"meta-nav\">&rarr;<\/span><\/a><\/p>","protected":false},"author":1,"featured_media":209,"parent":0,"menu_order":3,"comment_status":"closed","ping_status":"closed","template":"","meta":{"_mi_skip_tracking":false},"yoast_head":"<!-- This site is optimized with the Yoast SEO plugin v19.7.2 - https:\/\/yoast.com\/wordpress\/plugins\/seo\/ -->\n<title>\u00bfPor qu\u00e9 La Palma? -<\/title>\n<meta name=\"robots\" content=\"index, follow, max-snippet:-1, max-image-preview:large, max-video-preview:-1\" \/>\n<link rel=\"canonical\" href=\"https:\/\/www.lapalmacongressandevents.com\/en\/por-que-la-palma\/\" \/>\n<meta property=\"og:locale\" content=\"en_US\" \/>\n<meta property=\"og:type\" content=\"article\" \/>\n<meta property=\"og:title\" content=\"\u00bfPor qu\u00e9 La Palma? -\" \/>\n<meta property=\"og:description\" content=\"Por todo lo que puede ofrecer. Desde sus incre\u00edbles paisajes, sus imponentes volcanes, hasta sus bosques \u00fanicos, sus acogedoras playas, y sus cielos llenos de estrellas. Por algo la llaman La Isla Bonita, que destaca por su calidad medioambiental y sus cielos despejados. Patrimonio natural y cultural que te dejar\u00e1 boquiabierto. Una isla con aproximadamente &hellip; Continue reading \u00bfPor qu\u00e9 La Palma? &rarr;\" \/>\n<meta property=\"og:url\" content=\"https:\/\/www.lapalmacongressandevents.com\/en\/por-que-la-palma\/\" \/>\n<meta property=\"article:modified_time\" content=\"2022-10-05T13:10:08+00:00\" \/>\n<meta property=\"og:image\" content=\"https:\/\/www.lapalmacongressandevents.com\/wp-content\/uploads\/2022\/09\/DSC3632.jpg\" \/>\n\t<meta property=\"og:image:width\" content=\"2048\" \/>\n\t<meta property=\"og:image:height\" content=\"1367\" \/>\n\t<meta property=\"og:image:type\" content=\"image\/jpeg\" \/>\n<meta name=\"twitter:card\" content=\"summary_large_image\" \/>\n<meta name=\"twitter:label1\" content=\"Est. reading time\" \/>\n\t<meta name=\"twitter:data1\" content=\"2 minutes\" \/>\n<script type=\"application\/ld+json\" class=\"yoast-schema-graph\">{\"@context\":\"https:\/\/schema.org\",\"@graph\":[{\"@type\":\"WebPage\",\"@id\":\"https:\/\/www.lapalmacongressandevents.com\/por-que-la-palma\/\",\"url\":\"https:\/\/www.lapalmacongressandevents.com\/por-que-la-palma\/\",\"name\":\"\u00bfPor qu\u00e9 La Palma? -\",\"isPartOf\":{\"@id\":\"https:\/\/www.lapalmacongressandevents.com\/#website\"},\"datePublished\":\"2022-09-14T09:46:35+00:00\",\"dateModified\":\"2022-10-05T13:10:08+00:00\",\"breadcrumb\":{\"@id\":\"https:\/\/www.lapalmacongressandevents.com\/por-que-la-palma\/#breadcrumb\"},\"inLanguage\":\"en-US\",\"potentialAction\":[{\"@type\":\"ReadAction\",\"target\":[\"https:\/\/www.lapalmacongressandevents.com\/por-que-la-palma\/\"]}]},{\"@type\":\"BreadcrumbList\",\"@id\":\"https:\/\/www.lapalmacongressandevents.com\/por-que-la-palma\/#breadcrumb\",\"itemListElement\":[{\"@type\":\"ListItem\",\"position\":1,\"name\":\"Home\",\"item\":\"https:\/\/www.lapalmacongressandevents.com\/\"},{\"@type\":\"ListItem\",\"position\":2,\"name\":\"\u00bfPor qu\u00e9 La Palma?\"}]},{\"@type\":\"WebSite\",\"@id\":\"https:\/\/www.lapalmacongressandevents.com\/#website\",\"url\":\"https:\/\/www.lapalmacongressandevents.com\/\",\"name\":\"\",\"description\":\"\",\"potentialAction\":[{\"@type\":\"SearchAction\",\"target\":{\"@type\":\"EntryPoint\",\"urlTemplate\":\"https:\/\/www.lapalmacongressandevents.com\/?s={search_term_string}\"},\"query-input\":\"required name=search_term_string\"}],\"inLanguage\":\"en-US\"}]}<\/script>\n<!-- \/ Yoast SEO plugin. -->","yoast_head_json":{"title":"\u00bfPor qu\u00e9 La Palma? -","robots":{"index":"index","follow":"follow","max-snippet":"max-snippet:-1","max-image-preview":"max-image-preview:large","max-video-preview":"max-video-preview:-1"},"canonical":"https:\/\/www.lapalmacongressandevents.com\/en\/por-que-la-palma\/","og_locale":"en_US","og_type":"article","og_title":"\u00bfPor qu\u00e9 La Palma? -","og_description":"Por todo lo que puede ofrecer. Desde sus incre\u00edbles paisajes, sus imponentes volcanes, hasta sus bosques \u00fanicos, sus acogedoras playas, y sus cielos llenos de estrellas. Por algo la llaman La Isla Bonita, que destaca por su calidad medioambiental y sus cielos despejados. Patrimonio natural y cultural que te dejar\u00e1 boquiabierto. Una isla con aproximadamente &hellip; Continue reading \u00bfPor qu\u00e9 La Palma? &rarr;","og_url":"https:\/\/www.lapalmacongressandevents.com\/en\/por-que-la-palma\/","article_modified_time":"2022-10-05T13:10:08+00:00","og_image":[{"width":2048,"height":1367,"url":"https:\/\/www.lapalmacongressandevents.com\/wp-content\/uploads\/2022\/09\/DSC3632.jpg","type":"image\/jpeg"}],"twitter_card":"summary_large_image","twitter_misc":{"Est. reading time":"2 minutes"},"schema":{"@context":"https:\/\/schema.org","@graph":[{"@type":"WebPage","@id":"https:\/\/www.lapalmacongressandevents.com\/por-que-la-palma\/","url":"https:\/\/www.lapalmacongressandevents.com\/por-que-la-palma\/","name":"\u00bfPor qu\u00e9 La Palma? -","isPartOf":{"@id":"https:\/\/www.lapalmacongressandevents.com\/#website"},"datePublished":"2022-09-14T09:46:35+00:00","dateModified":"2022-10-05T13:10:08+00:00","breadcrumb":{"@id":"https:\/\/www.lapalmacongressandevents.com\/por-que-la-palma\/#breadcrumb"},"inLanguage":"en-US","potentialAction":[{"@type":"ReadAction","target":["https:\/\/www.lapalmacongressandevents.com\/por-que-la-palma\/"]}]},{"@type":"BreadcrumbList","@id":"https:\/\/www.lapalmacongressandevents.com\/por-que-la-palma\/#breadcrumb","itemListElement":[{"@type":"ListItem","position":1,"name":"Home","item":"https:\/\/www.lapalmacongressandevents.com\/"},{"@type":"ListItem","position":2,"name":"\u00bfPor qu\u00e9 La Palma?"}]},{"@type":"WebSite","@id":"https:\/\/www.lapalmacongressandevents.com\/#website","url":"https:\/\/www.lapalmacongressandevents.com\/","name":"","description":"","potentialAction":[{"@type":"SearchAction","target":{"@type":"EntryPoint","urlTemplate":"https:\/\/www.lapalmacongressandevents.com\/?s={search_term_string}"},"query-input":"required name=search_term_string"}],"inLanguage":"en-US"}]}},"_links":{"self":[{"href":"https:\/\/www.lapalmacongressandevents.com\/en\/wp-json\/wp\/v2\/pages\/7"}],"collection":[{"href":"https:\/\/www.lapalmacongressandevents.com\/en\/wp-json\/wp\/v2\/pages"}],"about":[{"href":"https:\/\/www.lapalmacongressandevents.com\/en\/wp-json\/wp\/v2\/types\/page"}],"author":[{"embeddable":true,"href":"https:\/\/www.lapalmacongressandevents.com\/en\/wp-json\/wp\/v2\/users\/1"}],"replies":[{"embeddable":true,"href":"https:\/\/www.lapalmacongressandevents.com\/en\/wp-json\/wp\/v2\/comments?post=7"}],"version-history":[{"count":13,"href":"https:\/\/www.lapalmacongressandevents.com\/en\/wp-json\/wp\/v2\/pages\/7\/revisions"}],"predecessor-version":[{"id":255,"href":"https:\/\/www.lapalmacongressandevents.com\/en\/wp-json\/wp\/v2\/pages\/7\/revisions\/255"}],"wp:featuredmedia":[{"embeddable":true,"href":"https:\/\/www.lapalmacongressandevents.com\/en\/wp-json\/wp\/v2\/media\/209"}],"wp:attachment":[{"href":"https:\/\/www.lapalmacongressandevents.com\/en\/wp-json\/wp\/v2\/media?parent=7"}],"curies":[{"name":"wp","href":"https:\/\/api.w.org\/{rel}","templated":true}]}}